{"id":9,"date":"2022-11-03T07:24:05","date_gmt":"2022-11-03T07:24:05","guid":{"rendered":"http:\/\/sairistanbul.com\/?page_id=9"},"modified":"2023-03-28T11:32:58","modified_gmt":"2023-03-28T11:32:58","slug":"ana-sayfa","status":"publish","type":"page","link":"https:\/\/sairistanbul.com\/?page_id=9","title":{"rendered":"ANA SAYFA"},"content":{"rendered":"\n<p>\u015eA\u0130R\u0130STANBUL SANAT EV\u0130<\/p>\n\n\n\n<p>Hepimiz ayn\u0131 zeminde ama farkl\u0131 noktalardan birer gemi misali seyretmekteyiz bu evrende&#8230; Hen\u00fcz ne kadar oldu\u011funu bilmedi\u011fimiz ve belki de hi\u00e7 bilemeyece\u011fimiz bir b\u00fcy\u00fck resmi tan\u0131mlayabilmek i\u00e7in her birimizin d\u00fc\u015f\u00fcnceleri \u00e7ok ama \u00e7ok \u00f6nemli&#8230; Bu ba\u011flamda sanat en anlaml\u0131 bak\u0131\u015f a\u00e7\u0131s\u0131 her birimizi kucaklarken&#8230; <\/p>\n\n\n\n<div class=\"is-content-justification-center is-layout-flex wp-container-1 wp-block-buttons\">\n<div class=\"wp-block-button\"><a class=\"wp-block-button__link has-text-color has-background wp-element-button\" style=\"border-radius:50px;color:#fffffa;background:linear-gradient(135deg,rgb(135,9,53) 0%,rgb(179,22,22) 100%)\">Sanat\u00e7\u0131lar\u0131m\u0131z<\/a><\/div>\n\n\n\n<div class=\"wp-block-button\"><a class=\"wp-block-button__link has-text-color has-background wp-element-button\" style=\"border-radius:50px;color:#fffffa;background:linear-gradient(317deg,rgb(135,9,53) 0%,rgb(179,22,22) 100%)\">Bizimle ileti\u015fim kurun<\/a><\/div>\n\n\n\n<div class=\"wp-block-button\"><a class=\"wp-block-button__link has-text-color has-background wp-element-button\" style=\"border-radius:50px;color:#fffffa;background:linear-gradient(42deg,rgb(135,9,53) 0%,rgb(179,22,22) 100%)\">Kitaplar<\/a><\/div>\n\n\n<\/div>\n\n\n\n<figure class=\"wp-block-image size-large\"><img decoding=\"async\" loading=\"lazy\" width=\"1024\" height=\"768\" src=\"https:\/\/sairistanbul.com\/wp-content\/uploads\/2023\/03\/mugla_ev-1024x768.jpg\" alt=\"\" class=\"wp-image-215\" srcset=\"https:\/\/sairistanbul.com\/wp-content\/uploads\/2023\/03\/mugla_ev-1024x768.jpg 1024w, https:\/\/sairistanbul.com\/wp-content\/uploads\/2023\/03\/mugla_ev-300x225.jpg 300w, https:\/\/sairistanbul.com\/wp-content\/uploads\/2023\/03\/mugla_ev-768x576.jpg 768w, https:\/\/sairistanbul.com\/wp-content\/uploads\/2023\/03\/mugla_ev-1536x1152.jpg 1536w, https:\/\/sairistanbul.com\/wp-content\/uploads\/2023\/03\/mugla_ev-2048x1536.jpg 2048w, https:\/\/sairistanbul.com\/wp-content\/uploads\/2023\/03\/mugla_ev-1440x1080.jpg 1440w\" sizes=\"(max-width: 1024px) 100vw, 1024px\" \/><\/figure>\n\n\n\n<figure class=\"wp-block-embed is-type-video is-provider-youtube wp-block-embed-youtube wp-embed-aspect-4-3 wp-has-aspect-ratio\"><div class=\"wp-block-embed__wrapper\">\n<div class='embed-container'><iframe loading=\"lazy\" title=\"Sairistanbul, \u00c7al\u0131\u015fmalar\" width=\"1440\" height=\"1080\" src=\"https:\/\/www.youtube.com\/embed\/Z0yC13-f1Iw?feature=oembed\" frameborder=\"0\" allow=\"accelerometer; autoplay; clipboard-write; encrypted-media; gyroscope; picture-in-picture; web-share\" allowfullscreen><\/iframe><\/div>\n<\/div><\/figure>\n\n\n\n<p><strong>\u015eA\u0130R\u0130STANBUL SANAT EV\u0130<\/strong><\/p>\n\n\n\n<p>Mu\u011fla\u2019da Asar Da\u011f\u0131\u2019n\u0131n g\u00fcney eteklerinde kurulu, evlerinin mimari yap\u0131lar\u0131, kiremitten \u015fapkal\u0131 bacalar\u0131, tarihi ge\u00e7mi\u015fi ve kendine \u00f6zg\u00fc sosyo-k\u00fclt\u00fcrel yap\u0131s\u0131 ile Saburhane ziyaret\u00e7ilerini ge\u00e7mi\u015f y\u00fczy\u0131llara ta\u015f\u0131yor. Dar sokaklar\u0131ndan ge\u00e7erken, genellikle iki katl\u0131 ve beyaz boyal\u0131 evlerin \u00f6n\u00fcnde, ak\u015fam serinli\u011finde sohbete dalm\u0131\u015f olan mahalle sakinleri b\u00f6lgenin yak\u0131c\u0131 s\u0131ca\u011f\u0131na inat birbirlerine g\u00fcler y\u00fczlerini ikram etmekteler. \u201cKuzulu kap\u0131\u201d olarak nitelendirilen birbirinden g\u00fczel b\u00fcy\u00fck kap\u0131lar\u0131n ard\u0131ndaki avlular\u0131n i\u00e7indeki ayva, erik, kiraz a\u011fa\u00e7lar\u0131 ve reng\u00e2renk \u00e7i\u00e7eklerin hemen ard\u0131ndaki evlerin s\u0131cakl\u0131\u011f\u0131, konukseverli\u011fi de sokaklara ta\u015fm\u0131\u015f adeta\u2026 G\u00fcn\u00fcm\u00fczdeki kare, dikd\u00f6rtgen ve \u00e7e\u015fitli geometrik \u015fekillerde in\u015fa edilmi\u015f evlere kar\u015f\u0131n kiremit \u00e7at\u0131l\u0131 ve \u015fapkal\u0131 bacalar\u0131yla, avlular\u0131yla serpi\u015ftirilmi\u015f Saburhane evleri belki de hepimizin \u00f6zledi\u011fi, kimimizi bir par\u00e7a \u00e7ocuklu\u011funa g\u00f6t\u00fcren nadide yap\u0131lard\u0131r.&nbsp; Bu nadide evler 1923 y\u0131l\u0131na kadar T\u00fcrklerin ve Rum az\u0131nl\u0131\u011f\u0131n ya\u015fad\u0131\u011f\u0131 bir b\u00f6lge idi. O y\u0131llara kadar kentin e\u011flence merkezi olan Saburhane m\u00fcbadele sonras\u0131 farkl\u0131 bir \u015fekilde kimli\u011fe b\u00fcr\u00fcnm\u00fc\u015f. Saburhane\u2019nin kendine has, gizemli yap\u0131s\u0131 film yap\u0131mc\u0131lar\u0131n\u0131n da dikkatini \u00e7ekmi\u015f ve Saburhane \u00e7e\u015fitli filmlere ev sahipli\u011fi yapm\u0131\u015ft\u0131r. 7. Ko\u011fu\u015ftaki Mucize, \u0130ftarl\u0131k Gazoz, B\u00fcy\u00fck Yalan bunlardan bir ka\u00e7\u0131 olarak say\u0131labilir.<\/p>\n\n\n\n<p>1923\u2019teki m\u00fcbadele \u00f6ncesinde, Saburhane Meydan\u0131nda Rum F\u0131r\u0131n\u0131 olarak faaliyet g\u00f6steren bu mek\u00e2n, sonralar\u0131 y\u0131k\u0131lm\u0131\u015f ve uzun y\u0131llar bo\u015f bir arsa olarak kalm\u0131\u015ft\u0131r. Bu s\u00fcre zarf\u0131nda odunlar\u0131n y\u0131\u011f\u0131ld\u0131\u011f\u0131 bir alan haline gelmi\u015fken sonralar\u0131 mahallelinin ara\u00e7 park\u0131 olarak kullan\u0131lm\u0131\u015ft\u0131r. 2013 y\u0131l\u0131nda Mimar Ertu\u011frul Alada\u011f taraf\u0131ndan geleneksel T\u00fcrk mimarisine uygun olarak g\u00fcn\u00fcm\u00fcz\u00fcn in\u015faat y\u00f6ntemlerinin senteziyle in\u015fa edilmi\u015ftir.&nbsp; 2022 y\u0131l\u0131nda ise \u0130stanbul merkezli firma olan Redomak A.\u015e.\u2019nin sanat kolu faaliyetleri \u00e7er\u00e7evesinde \u201c\u015eairistanbul Sanat Evi\u201d&nbsp; ad\u0131 ile Mu\u011fla \u015fubesi olarak a\u00e7\u0131lm\u0131\u015ft\u0131r. Resim ve edebiyatla da ilgilenen makine m\u00fchendisi \u00d6zer KO\u00c7 taraf\u0131ndan geri d\u00f6n\u00fc\u015f\u00fcm \u00fcr\u00fcnleri de kullan\u0131larak olu\u015fturulan sanat eserleriyle, kendine \u00f6zg\u00fc bir \u015fekilde dekore edilmi\u015ftir.<\/p>\n\n\n\n<p>T\u00fcketim h\u0131rs\u0131 ile iklim dengesinin dahi bozuldu\u011fu ve buna da k\u00fcresel \u0131s\u0131nman\u0131n eklenip, temiz su kaynaklar\u0131na eri\u015fimin zorla\u015fmaya ba\u015flad\u0131\u011f\u0131 d\u00fcnyam\u0131z ko\u015fullar\u0131nda \u201cGeri d\u00f6n\u00fc\u015f\u00fcyorsa senindir\u201d slogan\u0131 ile yola \u00e7\u0131kan \u015eairistanbul Sanat Evi bu kadim b\u00f6lgede sanatseverler ile bulu\u015fup, birlikte yol alabilmeyi hedeflemektedir.<\/p>\n\n\n\n<p><strong><em>\u201cS\u00f6ylenecekler s\u00f6ylenmi\u015fti bir zamanlar&#8230; T\u00fckenecekler t\u00fcketilmi\u015f, ya\u015fanacaklar ya\u015fanm\u0131\u015ft\u0131&#8230; S\u00f6ylenmemi\u015flerin, ya\u015fanmam\u0131\u015flar\u0131n, t\u00fcketilmemi\u015flerin de \u00f6tesindeydi asl\u0131nda ya\u015fam. Biz h\u00e2l\u00e2 bir yerlerde hen\u00fcz s\u00f6ylenmemi\u015flerin, yap\u0131lmam\u0131\u015flar\u0131n ve de hen\u00fcz ya\u015fanmam\u0131\u015flar\u0131n izindeyiz. Bitmeyen bir a\u015fkla ya\u015fama sar\u0131lanlar\u0131n, &#8220;sanat\u0131 ya\u015fayas\u0131m var&#8221; diyenlerin yan\u0131nda, g\u00f6nl\u00fcnde, hecesindeyiz.\u201d Elmas \u00d6zer KO\u00c7<\/em><\/strong><\/p>\n\n\n\n<p><a href=\"http:\/\/www.sairistanbul.com\"><strong><em>www.sairistanbul.com<\/em><\/strong><\/a><\/p>\n\n\n\n<figure class=\"wp-block-image size-full is-resized\"><img decoding=\"async\" loading=\"lazy\" src=\"https:\/\/sairistanbul.com\/wp-content\/uploads\/2023\/03\/elmasozer-2.jpg\" alt=\"\" class=\"wp-image-255\" width=\"262\" height=\"392\" srcset=\"https:\/\/sairistanbul.com\/wp-content\/uploads\/2023\/03\/elmasozer-2.jpg 650w, https:\/\/sairistanbul.com\/wp-content\/uploads\/2023\/03\/elmasozer-2-200x300.jpg 200w\" sizes=\"(max-width: 262px) 100vw, 262px\" \/><figcaption class=\"wp-element-caption\">https:\/\/cinius.shop\/product\/cisil-cisil\/<\/figcaption><\/figure>\n\n\n\n<figure class=\"is-layout-flex wp-block-gallery-2 wp-block-gallery has-nested-images columns-default is-cropped\">\n<figure class=\"wp-block-image size-large\"><img decoding=\"async\" loading=\"lazy\" width=\"1024\" height=\"768\" data-id=\"73\"  src=\"https:\/\/sairistanbul.com\/wp-content\/uploads\/2022\/11\/535775bd-b0af-496c-8f8a-70fc70466eb6-1-1024x768.jpg\" alt=\"\" class=\"wp-image-73\" srcset=\"https:\/\/sairistanbul.com\/wp-content\/uploads\/2022\/11\/535775bd-b0af-496c-8f8a-70fc70466eb6-1-1024x768.jpg 1024w, https:\/\/sairistanbul.com\/wp-content\/uploads\/2022\/11\/535775bd-b0af-496c-8f8a-70fc70466eb6-1-300x225.jpg 300w, https:\/\/sairistanbul.com\/wp-content\/uploads\/2022\/11\/535775bd-b0af-496c-8f8a-70fc70466eb6-1-768x576.jpg 768w, https:\/\/sairistanbul.com\/wp-content\/uploads\/2022\/11\/535775bd-b0af-496c-8f8a-70fc70466eb6-1-1536x1152.jpg 1536w, https:\/\/sairistanbul.com\/wp-content\/uploads\/2022\/11\/535775bd-b0af-496c-8f8a-70fc70466eb6-1-1440x1080.jpg 1440w, https:\/\/sairistanbul.com\/wp-content\/uploads\/2022\/11\/535775bd-b0af-496c-8f8a-70fc70466eb6-1.jpg 1600w\" sizes=\"(max-width: 1024px) 100vw, 1024px\" \/><\/figure>\n\n\n\n<figure class=\"wp-block-image size-large\"><img decoding=\"async\" loading=\"lazy\" width=\"1024\" height=\"727\" data-id=\"81\"  src=\"https:\/\/sairistanbul.com\/wp-content\/uploads\/2022\/11\/birazistanbul_2-1024x727.jpg\" alt=\"\" class=\"wp-image-81\" srcset=\"https:\/\/sairistanbul.com\/wp-content\/uploads\/2022\/11\/birazistanbul_2-1024x727.jpg 1024w, https:\/\/sairistanbul.com\/wp-content\/uploads\/2022\/11\/birazistanbul_2-300x213.jpg 300w, https:\/\/sairistanbul.com\/wp-content\/uploads\/2022\/11\/birazistanbul_2-768x546.jpg 768w, https:\/\/sairistanbul.com\/wp-content\/uploads\/2022\/11\/birazistanbul_2.jpg 1039w\" sizes=\"(max-width: 1024px) 100vw, 1024px\" \/><\/figure>\n<\/figure>\n\n\n\n<figure class=\"wp-block-image size-large is-resized\"><img decoding=\"async\" loading=\"lazy\" src=\"https:\/\/sairistanbul.com\/wp-content\/uploads\/2022\/11\/e486812b-f7d6-49fc-9382-683a87a49037-768x1024.jpg\" alt=\"\" class=\"wp-image-83\" width=\"562\" height=\"749\" srcset=\"https:\/\/sairistanbul.com\/wp-content\/uploads\/2022\/11\/e486812b-f7d6-49fc-9382-683a87a49037-768x1024.jpg 768w, https:\/\/sairistanbul.com\/wp-content\/uploads\/2022\/11\/e486812b-f7d6-49fc-9382-683a87a49037-225x300.jpg 225w, https:\/\/sairistanbul.com\/wp-content\/uploads\/2022\/11\/e486812b-f7d6-49fc-9382-683a87a49037-1152x1536.jpg 1152w, https:\/\/sairistanbul.com\/wp-content\/uploads\/2022\/11\/e486812b-f7d6-49fc-9382-683a87a49037-1024x1365.jpg 1024w, https:\/\/sairistanbul.com\/wp-content\/uploads\/2022\/11\/e486812b-f7d6-49fc-9382-683a87a49037-810x1080.jpg 810w, https:\/\/sairistanbul.com\/wp-content\/uploads\/2022\/11\/e486812b-f7d6-49fc-9382-683a87a49037.jpg 1200w\" sizes=\"(max-width: 562px) 100vw, 562px\" \/><\/figure>\n\n\n\n<figure class=\"wp-block-image\"><img alt=\"\"\/><\/figure>\n\n\n\n<div class=\"wp-block-file\"><a id=\"wp-block-file--media-2efc0c7b-01dd-4d84-938c-7238abf95973\" href=\"https:\/\/sairistanbul.com\/wp-content\/uploads\/2023\/03\/cisil-cisil-CERCEVE-scaled-1.jpg\">cisil-cisil-CERCEVE-scaled-1<\/a><a href=\"https:\/\/sairistanbul.com\/wp-content\/uploads\/2023\/03\/cisil-cisil-CERCEVE-scaled-1.jpg\" class=\"wp-block-file__button wp-element-button\" download aria-describedby=\"wp-block-file--media-2efc0c7b-01dd-4d84-938c-7238abf95973\"><\/a><\/div>\n\n\n\n<figure class=\"wp-block-image size-large is-resized\"><img decoding=\"async\" loading=\"lazy\" src=\"https:\/\/sairistanbul.com\/wp-content\/uploads\/2022\/12\/sairistanbul-703x1024.jpg\" alt=\"\" class=\"wp-image-211\" width=\"624\" height=\"909\" srcset=\"https:\/\/sairistanbul.com\/wp-content\/uploads\/2022\/12\/sairistanbul-703x1024.jpg 703w, https:\/\/sairistanbul.com\/wp-content\/uploads\/2022\/12\/sairistanbul-206x300.jpg 206w, https:\/\/sairistanbul.com\/wp-content\/uploads\/2022\/12\/sairistanbul-768x1118.jpg 768w, https:\/\/sairistanbul.com\/wp-content\/uploads\/2022\/12\/sairistanbul-1024x1491.jpg 1024w, https:\/\/sairistanbul.com\/wp-content\/uploads\/2022\/12\/sairistanbul-742x1080.jpg 742w, https:\/\/sairistanbul.com\/wp-content\/uploads\/2022\/12\/sairistanbul.jpg 1048w\" sizes=\"(max-width: 624px) 100vw, 624px\" \/><\/figure>\n\n\n\n<figure class=\"wp-block-image\"><img alt=\"\"\/><\/figure>\n\n\n\n<div class=\"wp-block-media-text alignwide is-stacked-on-mobile\"><figure class=\"wp-block-media-text__media\"><\/figure><div class=\"wp-block-media-text__content\">\n<p><\/p>\n<\/div><\/div>\n\n\n\n<div class=\"wp-block-cover is-light\"><span aria-hidden=\"true\" class=\"wp-block-cover__background has-background-dim-100 has-background-dim\"><\/span><div class=\"wp-block-cover__inner-container\"><\/div><\/div>\n\n\n\n\n\n<figure class=\"wp-block-image\"><img alt=\"\"\/><\/figure>\n\n\n\n<figure class=\"wp-block-image\"><img alt=\"\"\/><\/figure>\n\n\n\n<figure class=\"wp-block-image\"><img alt=\"\"\/><\/figure>\n\n\n\n<figure class=\"wp-block-image\"><img alt=\"\"\/><\/figure>\n\n\n\n<figure class=\"is-layout-flex wp-block-gallery-4 wp-block-gallery has-nested-images columns-default is-cropped\"><\/figure>\n\n\n\n<figure class=\"is-layout-flex wp-block-gallery-6 wp-block-gallery has-nested-images columns-default is-cropped\"><\/figure>\n\n\n\n<figure class=\"is-layout-flex wp-block-gallery-8 wp-block-gallery has-nested-images columns-default is-cropped\"><\/figure>\n","protected":false},"excerpt":{"rendered":"<p>\u015eA\u0130R\u0130STANBUL SANAT EV\u0130 Hepimiz ayn\u0131 zeminde ama farkl\u0131 noktalardan birer gemi misali seyretmekteyiz bu evrende&#8230; Hen\u00fcz ne kadar oldu\u011funu bilmedi\u011fimiz ve belki de hi\u00e7 bilemeyece\u011fimiz bir b\u00fcy\u00fck resmi tan\u0131mlayabilmek i\u00e7in her birimizin d\u00fc\u015f\u00fcnceleri \u00e7ok ama \u00e7ok \u00f6nemli&#8230; Bu ba\u011flamda sanat en anlaml\u0131 bak\u0131\u015f a\u00e7\u0131s\u0131 her birimizi kucaklarken&#8230; \u015eA\u0130R\u0130STANBUL SANAT EV\u0130 Mu\u011fla\u2019da Asar Da\u011f\u0131\u2019n\u0131n g\u00fcney eteklerinde&hellip; <br \/> <a class=\"read-more\" href=\"https:\/\/sairistanbul.com\/?page_id=9\">Devam\u0131<\/a><\/p>\n","protected":false},"author":1,"featured_media":12,"parent":0,"menu_order":0,"comment_status":"closed","ping_status":"closed","template":"","meta":[],"_links":{"self":[{"href":"https:\/\/sairistanbul.com\/index.php?rest_route=\/wp\/v2\/pages\/9"}],"collection":[{"href":"https:\/\/sairistanbul.com\/index.php?rest_route=\/wp\/v2\/pages"}],"about":[{"href":"https:\/\/sairistanbul.com\/index.php?rest_route=\/wp\/v2\/types\/page"}],"author":[{"embeddable":true,"href":"https:\/\/sairistanbul.com\/index.php?rest_route=\/wp\/v2\/users\/1"}],"replies":[{"embeddable":true,"href":"https:\/\/sairistanbul.com\/index.php?rest_route=%2Fwp%2Fv2%2Fcomments&post=9"}],"version-history":[{"count":22,"href":"https:\/\/sairistanbul.com\/index.php?rest_route=\/wp\/v2\/pages\/9\/revisions"}],"predecessor-version":[{"id":323,"href":"https:\/\/sairistanbul.com\/index.php?rest_route=\/wp\/v2\/pages\/9\/revisions\/323"}],"wp:featuredmedia":[{"embeddable":true,"href":"https:\/\/sairistanbul.com\/index.php?rest_route=\/wp\/v2\/media\/12"}],"wp:attachment":[{"href":"https:\/\/sairistanbul.com\/index.php?rest_route=%2Fwp%2Fv2%2Fmedia&parent=9"}],"curies":[{"name":"wp","href":"https:\/\/api.w.org\/{rel}","templated":true}]}}