{"id":43,"date":"2022-11-03T12:35:45","date_gmt":"2022-11-03T12:35:45","guid":{"rendered":"http:\/\/sairistanbul.com\/?page_id=43"},"modified":"2023-03-28T11:33:16","modified_gmt":"2023-03-28T11:33:16","slug":"sanat-calismalarimiz","status":"publish","type":"page","link":"https:\/\/sairistanbul.com\/?page_id=43","title":{"rendered":"SANAT \u00c7ALI\u015eMALARIMIZ"},"content":{"rendered":"\n<figure class=\"wp-block-embed is-type-video is-provider-youtube wp-block-embed-youtube wp-embed-aspect-4-3 wp-has-aspect-ratio\"><div class=\"wp-block-embed__wrapper\">\n<div class='embed-container'><iframe loading=\"lazy\" title=\"Sairistanbul, \u00c7al\u0131\u015fmalar\" width=\"1440\" height=\"1080\" src=\"https:\/\/www.youtube.com\/embed\/Z0yC13-f1Iw?feature=oembed\" frameborder=\"0\" allow=\"accelerometer; autoplay; clipboard-write; encrypted-media; gyroscope; picture-in-picture; web-share\" allowfullscreen><\/iframe><\/div>\n<\/div><\/figure>\n\n\n\n<figure class=\"wp-block-image size-large is-resized\"><img decoding=\"async\" loading=\"lazy\" src=\"https:\/\/sairistanbul.com\/wp-content\/uploads\/2022\/11\/23a53f8d-5412-4055-b2fd-84451808753c-768x1024.jpg\" alt=\"\" class=\"wp-image-44\" width=\"360\" height=\"481\" srcset=\"https:\/\/sairistanbul.com\/wp-content\/uploads\/2022\/11\/23a53f8d-5412-4055-b2fd-84451808753c-768x1024.jpg 768w, https:\/\/sairistanbul.com\/wp-content\/uploads\/2022\/11\/23a53f8d-5412-4055-b2fd-84451808753c-225x300.jpg 225w, https:\/\/sairistanbul.com\/wp-content\/uploads\/2022\/11\/23a53f8d-5412-4055-b2fd-84451808753c-1152x1536.jpg 1152w, https:\/\/sairistanbul.com\/wp-content\/uploads\/2022\/11\/23a53f8d-5412-4055-b2fd-84451808753c-1024x1365.jpg 1024w, https:\/\/sairistanbul.com\/wp-content\/uploads\/2022\/11\/23a53f8d-5412-4055-b2fd-84451808753c-810x1080.jpg 810w, https:\/\/sairistanbul.com\/wp-content\/uploads\/2022\/11\/23a53f8d-5412-4055-b2fd-84451808753c.jpg 1200w\" sizes=\"(max-width: 360px) 100vw, 360px\" \/><figcaption class=\"wp-element-caption\">ASYALI GEL\u0130N<\/figcaption><\/figure>\n\n\n\n<figure class=\"wp-block-image size-large is-resized\"><img decoding=\"async\" loading=\"lazy\" src=\"https:\/\/sairistanbul.com\/wp-content\/uploads\/2022\/11\/95c3eaf9-284f-4f38-a8a2-1e28c67408d1-1024x768.jpg\" alt=\"\" class=\"wp-image-45\" width=\"374\" height=\"281\" srcset=\"https:\/\/sairistanbul.com\/wp-content\/uploads\/2022\/11\/95c3eaf9-284f-4f38-a8a2-1e28c67408d1-1024x768.jpg 1024w, https:\/\/sairistanbul.com\/wp-content\/uploads\/2022\/11\/95c3eaf9-284f-4f38-a8a2-1e28c67408d1-300x225.jpg 300w, https:\/\/sairistanbul.com\/wp-content\/uploads\/2022\/11\/95c3eaf9-284f-4f38-a8a2-1e28c67408d1-768x576.jpg 768w, https:\/\/sairistanbul.com\/wp-content\/uploads\/2022\/11\/95c3eaf9-284f-4f38-a8a2-1e28c67408d1-1536x1152.jpg 1536w, https:\/\/sairistanbul.com\/wp-content\/uploads\/2022\/11\/95c3eaf9-284f-4f38-a8a2-1e28c67408d1-1440x1080.jpg 1440w, https:\/\/sairistanbul.com\/wp-content\/uploads\/2022\/11\/95c3eaf9-284f-4f38-a8a2-1e28c67408d1.jpg 1600w\" sizes=\"(max-width: 374px) 100vw, 374px\" \/><figcaption class=\"wp-element-caption\">HER YANIM A\u015eK<\/figcaption><\/figure>\n\n\n\n<figure class=\"wp-block-image size-large is-resized\"><img decoding=\"async\" loading=\"lazy\" src=\"https:\/\/sairistanbul.com\/wp-content\/uploads\/2022\/11\/38dcdfa5-3400-4558-84eb-dde557002598-768x1024.jpg\" alt=\"\" class=\"wp-image-46\" width=\"371\" height=\"494\" srcset=\"https:\/\/sairistanbul.com\/wp-content\/uploads\/2022\/11\/38dcdfa5-3400-4558-84eb-dde557002598-768x1024.jpg 768w, https:\/\/sairistanbul.com\/wp-content\/uploads\/2022\/11\/38dcdfa5-3400-4558-84eb-dde557002598-225x300.jpg 225w, https:\/\/sairistanbul.com\/wp-content\/uploads\/2022\/11\/38dcdfa5-3400-4558-84eb-dde557002598-1152x1536.jpg 1152w, https:\/\/sairistanbul.com\/wp-content\/uploads\/2022\/11\/38dcdfa5-3400-4558-84eb-dde557002598-1024x1365.jpg 1024w, https:\/\/sairistanbul.com\/wp-content\/uploads\/2022\/11\/38dcdfa5-3400-4558-84eb-dde557002598-810x1080.jpg 810w, https:\/\/sairistanbul.com\/wp-content\/uploads\/2022\/11\/38dcdfa5-3400-4558-84eb-dde557002598.jpg 1200w\" sizes=\"(max-width: 371px) 100vw, 371px\" \/><figcaption class=\"wp-element-caption\">ANKA KU\u015eU<\/figcaption><\/figure>\n\n\n\n<figure class=\"wp-block-image size-large is-resized\"><img decoding=\"async\" loading=\"lazy\" src=\"https:\/\/sairistanbul.com\/wp-content\/uploads\/2022\/11\/535775bd-b0af-496c-8f8a-70fc70466eb6-1024x768.jpg\" alt=\"\" class=\"wp-image-47\" width=\"369\" height=\"277\" srcset=\"https:\/\/sairistanbul.com\/wp-content\/uploads\/2022\/11\/535775bd-b0af-496c-8f8a-70fc70466eb6-1024x768.jpg 1024w, https:\/\/sairistanbul.com\/wp-content\/uploads\/2022\/11\/535775bd-b0af-496c-8f8a-70fc70466eb6-300x225.jpg 300w, https:\/\/sairistanbul.com\/wp-content\/uploads\/2022\/11\/535775bd-b0af-496c-8f8a-70fc70466eb6-768x576.jpg 768w, https:\/\/sairistanbul.com\/wp-content\/uploads\/2022\/11\/535775bd-b0af-496c-8f8a-70fc70466eb6-1536x1152.jpg 1536w, https:\/\/sairistanbul.com\/wp-content\/uploads\/2022\/11\/535775bd-b0af-496c-8f8a-70fc70466eb6-1440x1080.jpg 1440w, https:\/\/sairistanbul.com\/wp-content\/uploads\/2022\/11\/535775bd-b0af-496c-8f8a-70fc70466eb6.jpg 1600w\" sizes=\"(max-width: 369px) 100vw, 369px\" \/><figcaption class=\"wp-element-caption\">B\u0130RAZ \u0130STANBUL<\/figcaption><\/figure>\n\n\n\n<figure class=\"wp-block-image size-large is-resized\"><img decoding=\"async\" loading=\"lazy\" src=\"https:\/\/sairistanbul.com\/wp-content\/uploads\/2022\/11\/a2070e30-e18d-4c36-88cd-4d198ec30e49-768x1024.jpg\" alt=\"\" class=\"wp-image-48\" width=\"363\" height=\"484\" srcset=\"https:\/\/sairistanbul.com\/wp-content\/uploads\/2022\/11\/a2070e30-e18d-4c36-88cd-4d198ec30e49-768x1024.jpg 768w, https:\/\/sairistanbul.com\/wp-content\/uploads\/2022\/11\/a2070e30-e18d-4c36-88cd-4d198ec30e49-225x300.jpg 225w, https:\/\/sairistanbul.com\/wp-content\/uploads\/2022\/11\/a2070e30-e18d-4c36-88cd-4d198ec30e49-1152x1536.jpg 1152w, https:\/\/sairistanbul.com\/wp-content\/uploads\/2022\/11\/a2070e30-e18d-4c36-88cd-4d198ec30e49-1024x1365.jpg 1024w, https:\/\/sairistanbul.com\/wp-content\/uploads\/2022\/11\/a2070e30-e18d-4c36-88cd-4d198ec30e49-810x1080.jpg 810w, https:\/\/sairistanbul.com\/wp-content\/uploads\/2022\/11\/a2070e30-e18d-4c36-88cd-4d198ec30e49.jpg 1200w\" sizes=\"(max-width: 363px) 100vw, 363px\" \/><figcaption class=\"wp-element-caption\">D\u00d6RT MEVS\u0130M KADIN<\/figcaption><\/figure>\n\n\n\n<div class=\"is-layout-constrained wp-block-group\"><div class=\"wp-block-group__inner-container\">\n<figure class=\"wp-block-image size-large is-resized\"><img decoding=\"async\" loading=\"lazy\" src=\"https:\/\/sairistanbul.com\/wp-content\/uploads\/2022\/11\/5d7d30bf-816d-45b7-90b1-51af56d87c93-1024x768.jpg\" alt=\"\" class=\"wp-image-49\" width=\"361\" height=\"271\" srcset=\"https:\/\/sairistanbul.com\/wp-content\/uploads\/2022\/11\/5d7d30bf-816d-45b7-90b1-51af56d87c93-1024x768.jpg 1024w, https:\/\/sairistanbul.com\/wp-content\/uploads\/2022\/11\/5d7d30bf-816d-45b7-90b1-51af56d87c93-300x225.jpg 300w, https:\/\/sairistanbul.com\/wp-content\/uploads\/2022\/11\/5d7d30bf-816d-45b7-90b1-51af56d87c93-768x576.jpg 768w, https:\/\/sairistanbul.com\/wp-content\/uploads\/2022\/11\/5d7d30bf-816d-45b7-90b1-51af56d87c93-1536x1152.jpg 1536w, https:\/\/sairistanbul.com\/wp-content\/uploads\/2022\/11\/5d7d30bf-816d-45b7-90b1-51af56d87c93-1440x1080.jpg 1440w, https:\/\/sairistanbul.com\/wp-content\/uploads\/2022\/11\/5d7d30bf-816d-45b7-90b1-51af56d87c93.jpg 1600w\" sizes=\"(max-width: 361px) 100vw, 361px\" \/><figcaption class=\"wp-element-caption\">A\u015eK VE SANAT<\/figcaption><\/figure>\n<\/div><\/div>\n\n\n\n<figure class=\"wp-block-image size-large is-resized\"><img decoding=\"async\" loading=\"lazy\" src=\"https:\/\/sairistanbul.com\/wp-content\/uploads\/2022\/11\/20200725_071256-1024x1008.jpg\" alt=\"\" class=\"wp-image-88\" width=\"364\" height=\"358\" srcset=\"https:\/\/sairistanbul.com\/wp-content\/uploads\/2022\/11\/20200725_071256-1024x1008.jpg 1024w, https:\/\/sairistanbul.com\/wp-content\/uploads\/2022\/11\/20200725_071256-300x295.jpg 300w, https:\/\/sairistanbul.com\/wp-content\/uploads\/2022\/11\/20200725_071256-768x756.jpg 768w, https:\/\/sairistanbul.com\/wp-content\/uploads\/2022\/11\/20200725_071256-1536x1512.jpg 1536w, https:\/\/sairistanbul.com\/wp-content\/uploads\/2022\/11\/20200725_071256-2048x2016.jpg 2048w, https:\/\/sairistanbul.com\/wp-content\/uploads\/2022\/11\/20200725_071256-1097x1080.jpg 1097w\" sizes=\"(max-width: 364px) 100vw, 364px\" \/><figcaption class=\"wp-element-caption\">HUZUR<\/figcaption><\/figure>\n\n\n\n<p><\/p>\n\n\n\n<figure class=\"wp-block-image size-large is-resized\"><img decoding=\"async\" loading=\"lazy\" src=\"https:\/\/sairistanbul.com\/wp-content\/uploads\/2022\/11\/20210601_144209-740x1024.jpg\" alt=\"\" class=\"wp-image-91\" width=\"359\" height=\"497\" srcset=\"https:\/\/sairistanbul.com\/wp-content\/uploads\/2022\/11\/20210601_144209-740x1024.jpg 740w, https:\/\/sairistanbul.com\/wp-content\/uploads\/2022\/11\/20210601_144209-217x300.jpg 217w, https:\/\/sairistanbul.com\/wp-content\/uploads\/2022\/11\/20210601_144209-768x1063.jpg 768w, https:\/\/sairistanbul.com\/wp-content\/uploads\/2022\/11\/20210601_144209-1110x1536.jpg 1110w, https:\/\/sairistanbul.com\/wp-content\/uploads\/2022\/11\/20210601_144209-1480x2048.jpg 1480w, https:\/\/sairistanbul.com\/wp-content\/uploads\/2022\/11\/20210601_144209-1024x1417.jpg 1024w, https:\/\/sairistanbul.com\/wp-content\/uploads\/2022\/11\/20210601_144209-781x1080.jpg 781w, https:\/\/sairistanbul.com\/wp-content\/uploads\/2022\/11\/20210601_144209-scaled.jpg 1850w\" sizes=\"(max-width: 359px) 100vw, 359px\" \/><figcaption class=\"wp-element-caption\">M\u00dcZ\u0130K TA\u015eARSA<\/figcaption><\/figure>\n\n\n\n<figure class=\"wp-block-image size-large is-resized\"><img decoding=\"async\" loading=\"lazy\" src=\"https:\/\/sairistanbul.com\/wp-content\/uploads\/2022\/11\/20210620_131948-1024x760.jpg\" alt=\"\" class=\"wp-image-94\" width=\"409\" height=\"303\" srcset=\"https:\/\/sairistanbul.com\/wp-content\/uploads\/2022\/11\/20210620_131948-1024x760.jpg 1024w, https:\/\/sairistanbul.com\/wp-content\/uploads\/2022\/11\/20210620_131948-300x223.jpg 300w, https:\/\/sairistanbul.com\/wp-content\/uploads\/2022\/11\/20210620_131948-768x570.jpg 768w, https:\/\/sairistanbul.com\/wp-content\/uploads\/2022\/11\/20210620_131948-1536x1140.jpg 1536w, https:\/\/sairistanbul.com\/wp-content\/uploads\/2022\/11\/20210620_131948-2048x1520.jpg 2048w, https:\/\/sairistanbul.com\/wp-content\/uploads\/2022\/11\/20210620_131948-1455x1080.jpg 1455w\" sizes=\"(max-width: 409px) 100vw, 409px\" \/><figcaption class=\"wp-element-caption\">U\u00c7MA H\u0130SS\u0130<\/figcaption><\/figure>\n\n\n\n<figure class=\"wp-block-image size-large is-resized\"><img decoding=\"async\" loading=\"lazy\" src=\"https:\/\/sairistanbul.com\/wp-content\/uploads\/2022\/11\/20200627_163835-1024x827.jpg\" alt=\"\" class=\"wp-image-109\" width=\"407\" height=\"328\" srcset=\"https:\/\/sairistanbul.com\/wp-content\/uploads\/2022\/11\/20200627_163835-1024x827.jpg 1024w, https:\/\/sairistanbul.com\/wp-content\/uploads\/2022\/11\/20200627_163835-300x242.jpg 300w, https:\/\/sairistanbul.com\/wp-content\/uploads\/2022\/11\/20200627_163835-768x620.jpg 768w, https:\/\/sairistanbul.com\/wp-content\/uploads\/2022\/11\/20200627_163835-1536x1240.jpg 1536w, https:\/\/sairistanbul.com\/wp-content\/uploads\/2022\/11\/20200627_163835-2048x1653.jpg 2048w, https:\/\/sairistanbul.com\/wp-content\/uploads\/2022\/11\/20200627_163835-1338x1080.jpg 1338w\" sizes=\"(max-width: 407px) 100vw, 407px\" \/><figcaption class=\"wp-element-caption\">A\u015eKIN KORONA HAL\u0130<\/figcaption><\/figure>\n\n\n\n<figure class=\"wp-block-image size-large is-resized\"><img decoding=\"async\" loading=\"lazy\" src=\"https:\/\/sairistanbul.com\/wp-content\/uploads\/2022\/11\/20220918_194250-298x1024.jpg\" alt=\"\" class=\"wp-image-110\" width=\"225\" height=\"774\" srcset=\"https:\/\/sairistanbul.com\/wp-content\/uploads\/2022\/11\/20220918_194250-298x1024.jpg 298w, https:\/\/sairistanbul.com\/wp-content\/uploads\/2022\/11\/20220918_194250-87x300.jpg 87w\" sizes=\"(max-width: 225px) 100vw, 225px\" \/><figcaption class=\"wp-element-caption\">K\u00d6YL\u00dc KIZ<\/figcaption><\/figure>\n\n\n\n<figure class=\"wp-block-image size-large is-resized\"><img decoding=\"async\" loading=\"lazy\" src=\"https:\/\/sairistanbul.com\/wp-content\/uploads\/2022\/11\/20220922_144631-278x1024.jpg\" alt=\"\" class=\"wp-image-111\" width=\"225\" height=\"827\" srcset=\"https:\/\/sairistanbul.com\/wp-content\/uploads\/2022\/11\/20220922_144631-82x300.jpg 82w, https:\/\/sairistanbul.com\/wp-content\/uploads\/2022\/11\/20220922_144631-768x2825.jpg 768w, https:\/\/sairistanbul.com\/wp-content\/uploads\/2022\/11\/20220922_144631-418x1536.jpg 418w, https:\/\/sairistanbul.com\/wp-content\/uploads\/2022\/11\/20220922_144631-557x2048.jpg 557w, https:\/\/sairistanbul.com\/wp-content\/uploads\/2022\/11\/20220922_144631-294x1080.jpg 294w, https:\/\/sairistanbul.com\/wp-content\/uploads\/2022\/11\/20220922_144631-scaled.jpg 696w\" sizes=\"(max-width: 225px) 100vw, 225px\" \/><figcaption class=\"wp-element-caption\">GER\u00c7E\u011e\u0130N ARDINDA<\/figcaption><\/figure>\n\n\n\n<figure class=\"wp-block-image size-large is-resized\"><img decoding=\"async\" loading=\"lazy\" src=\"https:\/\/sairistanbul.com\/wp-content\/uploads\/2022\/11\/20191126_124721-609x1024.jpg\" alt=\"\" class=\"wp-image-113\" width=\"295\" height=\"495\" srcset=\"https:\/\/sairistanbul.com\/wp-content\/uploads\/2022\/11\/20191126_124721-609x1024.jpg 609w, https:\/\/sairistanbul.com\/wp-content\/uploads\/2022\/11\/20191126_124721-179x300.jpg 179w, https:\/\/sairistanbul.com\/wp-content\/uploads\/2022\/11\/20191126_124721-768x1291.jpg 768w, https:\/\/sairistanbul.com\/wp-content\/uploads\/2022\/11\/20191126_124721-914x1536.jpg 914w, https:\/\/sairistanbul.com\/wp-content\/uploads\/2022\/11\/20191126_124721-1219x2048.jpg 1219w, https:\/\/sairistanbul.com\/wp-content\/uploads\/2022\/11\/20191126_124721-1024x1721.jpg 1024w, https:\/\/sairistanbul.com\/wp-content\/uploads\/2022\/11\/20191126_124721-643x1080.jpg 643w, https:\/\/sairistanbul.com\/wp-content\/uploads\/2022\/11\/20191126_124721-scaled.jpg 1523w\" sizes=\"(max-width: 295px) 100vw, 295px\" \/><figcaption class=\"wp-element-caption\">MAV\u0130 KOD<\/figcaption><\/figure>\n\n\n\n<figure class=\"is-layout-flex wp-block-gallery-2 wp-block-gallery has-nested-images columns-default is-cropped\"><\/figure>\n\n\n\n<figure class=\"wp-block-image size-large is-resized\"><img decoding=\"async\" loading=\"lazy\" src=\"https:\/\/sairistanbul.com\/wp-content\/uploads\/2022\/11\/20221013_200331-610x1024.jpg\" alt=\"\" class=\"wp-image-119\" width=\"299\" height=\"503\" srcset=\"https:\/\/sairistanbul.com\/wp-content\/uploads\/2022\/11\/20221013_200331-610x1024.jpg 610w, https:\/\/sairistanbul.com\/wp-content\/uploads\/2022\/11\/20221013_200331-179x300.jpg 179w, https:\/\/sairistanbul.com\/wp-content\/uploads\/2022\/11\/20221013_200331-768x1289.jpg 768w, https:\/\/sairistanbul.com\/wp-content\/uploads\/2022\/11\/20221013_200331-915x1536.jpg 915w, https:\/\/sairistanbul.com\/wp-content\/uploads\/2022\/11\/20221013_200331-1220x2048.jpg 1220w, https:\/\/sairistanbul.com\/wp-content\/uploads\/2022\/11\/20221013_200331-1024x1719.jpg 1024w, https:\/\/sairistanbul.com\/wp-content\/uploads\/2022\/11\/20221013_200331-643x1080.jpg 643w, https:\/\/sairistanbul.com\/wp-content\/uploads\/2022\/11\/20221013_200331-scaled.jpg 1525w\" sizes=\"(max-width: 299px) 100vw, 299px\" \/><\/figure>\n\n\n\n<figure class=\"wp-block-image size-large is-resized\"><img decoding=\"async\" loading=\"lazy\" src=\"https:\/\/sairistanbul.com\/wp-content\/uploads\/2022\/11\/20221024_124023-405x1024.jpg\" alt=\"\" class=\"wp-image-120\" width=\"307\" height=\"776\" srcset=\"https:\/\/sairistanbul.com\/wp-content\/uploads\/2022\/11\/20221024_124023-405x1024.jpg 405w, https:\/\/sairistanbul.com\/wp-content\/uploads\/2022\/11\/20221024_124023-119x300.jpg 119w, https:\/\/sairistanbul.com\/wp-content\/uploads\/2022\/11\/20221024_124023-768x1942.jpg 768w, https:\/\/sairistanbul.com\/wp-content\/uploads\/2022\/11\/20221024_124023-607x1536.jpg 607w, https:\/\/sairistanbul.com\/wp-content\/uploads\/2022\/11\/20221024_124023-810x2048.jpg 810w, https:\/\/sairistanbul.com\/wp-content\/uploads\/2022\/11\/20221024_124023-1024x2589.jpg 1024w, https:\/\/sairistanbul.com\/wp-content\/uploads\/2022\/11\/20221024_124023-427x1080.jpg 427w, https:\/\/sairistanbul.com\/wp-content\/uploads\/2022\/11\/20221024_124023-scaled.jpg 1012w\" sizes=\"(max-width: 307px) 100vw, 307px\" \/><figcaption class=\"wp-element-caption\">NEREYE G\u0130D\u0130YORSUN?<\/figcaption><\/figure>\n\n\n\n<figure class=\"wp-block-image size-large is-resized\"><img decoding=\"async\" loading=\"lazy\" src=\"https:\/\/sairistanbul.com\/wp-content\/uploads\/2022\/11\/20220922_172018-446x1024.jpg\" alt=\"\" class=\"wp-image-122\" width=\"310\" height=\"713\" srcset=\"https:\/\/sairistanbul.com\/wp-content\/uploads\/2022\/11\/20220922_172018-446x1024.jpg 446w, https:\/\/sairistanbul.com\/wp-content\/uploads\/2022\/11\/20220922_172018-131x300.jpg 131w, https:\/\/sairistanbul.com\/wp-content\/uploads\/2022\/11\/20220922_172018-768x1764.jpg 768w, https:\/\/sairistanbul.com\/wp-content\/uploads\/2022\/11\/20220922_172018-669x1536.jpg 669w, https:\/\/sairistanbul.com\/wp-content\/uploads\/2022\/11\/20220922_172018-892x2048.jpg 892w, https:\/\/sairistanbul.com\/wp-content\/uploads\/2022\/11\/20220922_172018-1024x2352.jpg 1024w, https:\/\/sairistanbul.com\/wp-content\/uploads\/2022\/11\/20220922_172018-470x1080.jpg 470w, https:\/\/sairistanbul.com\/wp-content\/uploads\/2022\/11\/20220922_172018-scaled.jpg 1115w\" sizes=\"(max-width: 310px) 100vw, 310px\" \/><figcaption class=\"wp-element-caption\">FALCI<\/figcaption><\/figure>\n\n\n\n<figure class=\"wp-block-image size-large is-resized\"><img decoding=\"async\" loading=\"lazy\" src=\"https:\/\/sairistanbul.com\/wp-content\/uploads\/2023\/03\/cisil-cisil-CERCEVE-scaled-2-1024x683.jpg\" alt=\"\" class=\"wp-image-269\" width=\"551\" height=\"367\" srcset=\"https:\/\/sairistanbul.com\/wp-content\/uploads\/2023\/03\/cisil-cisil-CERCEVE-scaled-2-1024x683.jpg 1024w, https:\/\/sairistanbul.com\/wp-content\/uploads\/2023\/03\/cisil-cisil-CERCEVE-scaled-2-300x200.jpg 300w, https:\/\/sairistanbul.com\/wp-content\/uploads\/2023\/03\/cisil-cisil-CERCEVE-scaled-2-768x512.jpg 768w, https:\/\/sairistanbul.com\/wp-content\/uploads\/2023\/03\/cisil-cisil-CERCEVE-scaled-2-1536x1024.jpg 1536w, https:\/\/sairistanbul.com\/wp-content\/uploads\/2023\/03\/cisil-cisil-CERCEVE-scaled-2-2048x1366.jpg 2048w, https:\/\/sairistanbul.com\/wp-content\/uploads\/2023\/03\/cisil-cisil-CERCEVE-scaled-2-1620x1080.jpg 1620w\" sizes=\"(max-width: 551px) 100vw, 551px\" \/><\/figure>\n\n\n\n<figure class=\"wp-block-image size-large is-resized\"><img decoding=\"async\" loading=\"lazy\" src=\"https:\/\/sairistanbul.com\/wp-content\/uploads\/2023\/03\/ZAMAN_DURDU-322x1024.jpg\" alt=\"\" class=\"wp-image-272\" width=\"256\" height=\"814\" srcset=\"https:\/\/sairistanbul.com\/wp-content\/uploads\/2023\/03\/ZAMAN_DURDU-322x1024.jpg 322w, https:\/\/sairistanbul.com\/wp-content\/uploads\/2023\/03\/ZAMAN_DURDU-94x300.jpg 94w, https:\/\/sairistanbul.com\/wp-content\/uploads\/2023\/03\/ZAMAN_DURDU-768x2444.jpg 768w, https:\/\/sairistanbul.com\/wp-content\/uploads\/2023\/03\/ZAMAN_DURDU-483x1536.jpg 483w, https:\/\/sairistanbul.com\/wp-content\/uploads\/2023\/03\/ZAMAN_DURDU-644x2048.jpg 644w, https:\/\/sairistanbul.com\/wp-content\/uploads\/2023\/03\/ZAMAN_DURDU-1024x3259.jpg 1024w, https:\/\/sairistanbul.com\/wp-content\/uploads\/2023\/03\/ZAMAN_DURDU-scaled.jpg 804w\" sizes=\"(max-width: 256px) 100vw, 256px\" \/><figcaption class=\"wp-element-caption\">ZAMAN DURDU<\/figcaption><\/figure>\n\n\n\n<figure class=\"wp-block-image size-large is-resized\"><img decoding=\"async\" loading=\"lazy\" src=\"https:\/\/sairistanbul.com\/wp-content\/uploads\/2023\/03\/ICIMDEKI_BIZ-1024x738.jpg\" alt=\"\" class=\"wp-image-274\" width=\"465\" height=\"335\" srcset=\"https:\/\/sairistanbul.com\/wp-content\/uploads\/2023\/03\/ICIMDEKI_BIZ-1024x738.jpg 1024w, https:\/\/sairistanbul.com\/wp-content\/uploads\/2023\/03\/ICIMDEKI_BIZ-300x216.jpg 300w, https:\/\/sairistanbul.com\/wp-content\/uploads\/2023\/03\/ICIMDEKI_BIZ-768x554.jpg 768w, https:\/\/sairistanbul.com\/wp-content\/uploads\/2023\/03\/ICIMDEKI_BIZ-1536x1107.jpg 1536w, https:\/\/sairistanbul.com\/wp-content\/uploads\/2023\/03\/ICIMDEKI_BIZ-2048x1477.jpg 2048w, https:\/\/sairistanbul.com\/wp-content\/uploads\/2023\/03\/ICIMDEKI_BIZ-1498x1080.jpg 1498w\" sizes=\"(max-width: 465px) 100vw, 465px\" \/><figcaption class=\"wp-element-caption\"><strong>\u0130\u00c7\u0130MDEK\u0130 <\/strong>B\u0130Z<\/figcaption><\/figure>\n\n\n\n<figure class=\"wp-block-image size-large is-resized\"><img decoding=\"async\" loading=\"lazy\" src=\"https:\/\/sairistanbul.com\/wp-content\/uploads\/2023\/03\/Osman_abi-1001x1024.jpg\" alt=\"\" class=\"wp-image-278\" width=\"460\" height=\"470\" srcset=\"https:\/\/sairistanbul.com\/wp-content\/uploads\/2023\/03\/Osman_abi-1001x1024.jpg 1001w, https:\/\/sairistanbul.com\/wp-content\/uploads\/2023\/03\/Osman_abi-293x300.jpg 293w, https:\/\/sairistanbul.com\/wp-content\/uploads\/2023\/03\/Osman_abi-768x785.jpg 768w, https:\/\/sairistanbul.com\/wp-content\/uploads\/2023\/03\/Osman_abi-1502x1536.jpg 1502w, https:\/\/sairistanbul.com\/wp-content\/uploads\/2023\/03\/Osman_abi-1024x1047.jpg 1024w, https:\/\/sairistanbul.com\/wp-content\/uploads\/2023\/03\/Osman_abi-1056x1080.jpg 1056w, https:\/\/sairistanbul.com\/wp-content\/uploads\/2023\/03\/Osman_abi.jpg 1512w\" sizes=\"(max-width: 460px) 100vw, 460px\" \/><\/figure>\n\n\n\n<figure class=\"wp-block-image size-large is-resized\"><img decoding=\"async\" loading=\"lazy\" src=\"https:\/\/sairistanbul.com\/wp-content\/uploads\/2023\/03\/AHMET_abi-781x1024.jpg\" alt=\"\" class=\"wp-image-280\" width=\"457\" height=\"600\" srcset=\"https:\/\/sairistanbul.com\/wp-content\/uploads\/2023\/03\/AHMET_abi-781x1024.jpg 781w, https:\/\/sairistanbul.com\/wp-content\/uploads\/2023\/03\/AHMET_abi-229x300.jpg 229w, https:\/\/sairistanbul.com\/wp-content\/uploads\/2023\/03\/AHMET_abi-768x1007.jpg 768w, https:\/\/sairistanbul.com\/wp-content\/uploads\/2023\/03\/AHMET_abi-1172x1536.jpg 1172w, https:\/\/sairistanbul.com\/wp-content\/uploads\/2023\/03\/AHMET_abi-1024x1342.jpg 1024w, https:\/\/sairistanbul.com\/wp-content\/uploads\/2023\/03\/AHMET_abi-824x1080.jpg 824w, https:\/\/sairistanbul.com\/wp-content\/uploads\/2023\/03\/AHMET_abi.jpg 1512w\" sizes=\"(max-width: 457px) 100vw, 457px\" \/><\/figure>\n\n\n\n<figure class=\"wp-block-image size-large is-resized\"><img decoding=\"async\" loading=\"lazy\" src=\"https:\/\/sairistanbul.com\/wp-content\/uploads\/2023\/03\/cayicenadam-801x1024.jpg\" alt=\"\" class=\"wp-image-282\" width=\"461\" height=\"589\" srcset=\"https:\/\/sairistanbul.com\/wp-content\/uploads\/2023\/03\/cayicenadam-801x1024.jpg 801w, https:\/\/sairistanbul.com\/wp-content\/uploads\/2023\/03\/cayicenadam-235x300.jpg 235w, https:\/\/sairistanbul.com\/wp-content\/uploads\/2023\/03\/cayicenadam-768x981.jpg 768w, https:\/\/sairistanbul.com\/wp-content\/uploads\/2023\/03\/cayicenadam-1202x1536.jpg 1202w, https:\/\/sairistanbul.com\/wp-content\/uploads\/2023\/03\/cayicenadam-1024x1308.jpg 1024w, https:\/\/sairistanbul.com\/wp-content\/uploads\/2023\/03\/cayicenadam-845x1080.jpg 845w, https:\/\/sairistanbul.com\/wp-content\/uploads\/2023\/03\/cayicenadam.jpg 1469w\" sizes=\"(max-width: 461px) 100vw, 461px\" \/><\/figure>\n\n\n\n<figure class=\"wp-block-image size-large is-resized\"><img decoding=\"async\" loading=\"lazy\" src=\"https:\/\/sairistanbul.com\/wp-content\/uploads\/2023\/03\/dusunceli-768x1024.jpg\" alt=\"\" class=\"wp-image-284\" width=\"458\" height=\"610\" srcset=\"https:\/\/sairistanbul.com\/wp-content\/uploads\/2023\/03\/dusunceli-768x1024.jpg 768w, https:\/\/sairistanbul.com\/wp-content\/uploads\/2023\/03\/dusunceli-225x300.jpg 225w, https:\/\/sairistanbul.com\/wp-content\/uploads\/2023\/03\/dusunceli-1152x1536.jpg 1152w, https:\/\/sairistanbul.com\/wp-content\/uploads\/2023\/03\/dusunceli-1024x1365.jpg 1024w, https:\/\/sairistanbul.com\/wp-content\/uploads\/2023\/03\/dusunceli-810x1080.jpg 810w, https:\/\/sairistanbul.com\/wp-content\/uploads\/2023\/03\/dusunceli.jpg 1512w\" sizes=\"(max-width: 458px) 100vw, 458px\" \/><figcaption class=\"wp-element-caption\">UZAKLARDA<\/figcaption><\/figure>\n","protected":false},"excerpt":{"rendered":"","protected":false},"author":1,"featured_media":0,"parent":0,"menu_order":0,"comment_status":"closed","ping_status":"closed","template":"","meta":[],"_links":{"self":[{"href":"https:\/\/sairistanbul.com\/index.php?rest_route=\/wp\/v2\/pages\/43"}],"collection":[{"href":"https:\/\/sairistanbul.com\/index.php?rest_route=\/wp\/v2\/pages"}],"about":[{"href":"https:\/\/sairistanbul.com\/index.php?rest_route=\/wp\/v2\/types\/page"}],"author":[{"embeddable":true,"href":"https:\/\/sairistanbul.com\/index.php?rest_route=\/wp\/v2\/users\/1"}],"replies":[{"embeddable":true,"href":"https:\/\/sairistanbul.com\/index.php?rest_route=%2Fwp%2Fv2%2Fcomments&post=43"}],"version-history":[{"count":30,"href":"https:\/\/sairistanbul.com\/index.php?rest_route=\/wp\/v2\/pages\/43\/revisions"}],"predecessor-version":[{"id":324,"href":"https:\/\/sairistanbul.com\/index.php?rest_route=\/wp\/v2\/pages\/43\/revisions\/324"}],"wp:attachment":[{"href":"https:\/\/sairistanbul.com\/index.php?rest_route=%2Fwp%2Fv2%2Fmedia&parent=43"}],"curies":[{"name":"wp","href":"https:\/\/api.w.org\/{rel}","templated":true}]}}