{"id":2,"date":"2016-05-10T03:48:21","date_gmt":"2016-05-10T03:48:21","guid":{"rendered":"http:\/\/sairistanbul.com\/?page_id=2"},"modified":"2023-04-06T08:10:30","modified_gmt":"2023-04-06T08:10:30","slug":"sample-page","status":"publish","type":"page","link":"https:\/\/sairistanbul.com\/?page_id=2","title":{"rendered":"\u0130LET\u0130\u015e\u0130M"},"content":{"rendered":"<p><strong>\u015eA\u0130R\u0130STANBUL SANAT EV\u0130<\/strong><\/p>\n<blockquote>\n<p><strong>Merkez: <\/strong><\/p>\n<p>Kartaltepe Mah. Korma\u00e7 Sokak No: 13\/ A Huzur Apt.<\/p>\n<p>Bak\u0131rk\u00f6y \/ \u0130stanbul\/ T\u00dcRK\u0130YE<\/p>\n<p><\/p>\n<\/blockquote>\n<p><strong>\u015eube:<\/strong><\/p>\n<p>Orta Mahallesi, Saburhane Sokak No: 19<\/p>\n<p>Mente\u015fe\/ Mu\u011fla \/ T\u00dcRK\u0130YE<\/p>\n<p><\/p>\n\n\n<figure class=\"is-layout-flex wp-block-gallery-1 wp-block-gallery has-nested-images columns-default is-cropped\">\n<figure class=\"wp-block-image size-large\"><img decoding=\"async\" loading=\"lazy\" width=\"1024\" height=\"768\" data-id=\"326\"  src=\"https:\/\/sairistanbul.com\/wp-content\/uploads\/2023\/04\/mugla_ev-1024x768.jpg\" alt=\"\" class=\"wp-image-326\" srcset=\"https:\/\/sairistanbul.com\/wp-content\/uploads\/2023\/04\/mugla_ev-1024x768.jpg 1024w, https:\/\/sairistanbul.com\/wp-content\/uploads\/2023\/04\/mugla_ev-300x225.jpg 300w, https:\/\/sairistanbul.com\/wp-content\/uploads\/2023\/04\/mugla_ev-768x576.jpg 768w, https:\/\/sairistanbul.com\/wp-content\/uploads\/2023\/04\/mugla_ev-1536x1152.jpg 1536w, https:\/\/sairistanbul.com\/wp-content\/uploads\/2023\/04\/mugla_ev-2048x1536.jpg 2048w, https:\/\/sairistanbul.com\/wp-content\/uploads\/2023\/04\/mugla_ev-1440x1080.jpg 1440w\" sizes=\"(max-width: 1024px) 100vw, 1024px\" \/><\/figure>\n<\/figure>\n","protected":false},"excerpt":{"rendered":"<p>\u015eA\u0130R\u0130STANBUL SANAT EV\u0130 Merkez: Kartaltepe Mah. Korma\u00e7 Sokak No: 13\/ A Huzur Apt. Bak\u0131rk\u00f6y \/ \u0130stanbul\/ T\u00dcRK\u0130YE \u015eube: Orta Mahallesi, Saburhane Sokak No: 19 Mente\u015fe\/ Mu\u011fla \/ T\u00dcRK\u0130YE<\/p>\n","protected":false},"author":1,"featured_media":32,"parent":0,"menu_order":0,"comment_status":"closed","ping_status":"open","template":"","meta":[],"_links":{"self":[{"href":"https:\/\/sairistanbul.com\/index.php?rest_route=\/wp\/v2\/pages\/2"}],"collection":[{"href":"https:\/\/sairistanbul.com\/index.php?rest_route=\/wp\/v2\/pages"}],"about":[{"href":"https:\/\/sairistanbul.com\/index.php?rest_route=\/wp\/v2\/types\/page"}],"author":[{"embeddable":true,"href":"https:\/\/sairistanbul.com\/index.php?rest_route=\/wp\/v2\/users\/1"}],"replies":[{"embeddable":true,"href":"https:\/\/sairistanbul.com\/index.php?rest_route=%2Fwp%2Fv2%2Fcomments&post=2"}],"version-history":[{"count":4,"href":"https:\/\/sairistanbul.com\/index.php?rest_route=\/wp\/v2\/pages\/2\/revisions"}],"predecessor-version":[{"id":327,"href":"https:\/\/sairistanbul.com\/index.php?rest_route=\/wp\/v2\/pages\/2\/revisions\/327"}],"wp:featuredmedia":[{"embeddable":true,"href":"https:\/\/sairistanbul.com\/index.php?rest_route=\/wp\/v2\/media\/32"}],"wp:attachment":[{"href":"https:\/\/sairistanbul.com\/index.php?rest_route=%2Fwp%2Fv2%2Fmedia&parent=2"}],"curies":[{"name":"wp","href":"https:\/\/api.w.org\/{rel}","templated":true}]}}