{"id":17,"date":"2022-11-03T07:49:59","date_gmt":"2022-11-03T07:49:59","guid":{"rendered":"http:\/\/sairistanbul.com\/?page_id=17"},"modified":"2023-09-25T18:17:04","modified_gmt":"2023-09-25T18:17:04","slug":"sanatcilarimiz","status":"publish","type":"page","link":"https:\/\/sairistanbul.com\/?page_id=17","title":{"rendered":"SANAT\u00c7ILARIMIZ"},"content":{"rendered":"\n<p>SANAT B\u0130RL\u0130\u011e\u0130- SANATIN SES\u0130<\/p>\n\n\n\n<p><strong>KURUCULAR<\/strong><\/p>\n\n\n\n<p><\/p>\n\n\n\n<figure class=\"wp-block-image size-large is-resized\"><img decoding=\"async\" loading=\"lazy\" src=\"https:\/\/sairistanbul.com\/wp-content\/uploads\/2022\/11\/20191113_091819.jpg\" alt=\"\" class=\"wp-image-19\" width=\"182\" height=\"315\" srcset=\"https:\/\/sairistanbul.com\/wp-content\/uploads\/2022\/11\/20191113_091819.jpg 271w, https:\/\/sairistanbul.com\/wp-content\/uploads\/2022\/11\/20191113_091819-173x300.jpg 173w\" sizes=\"(max-width: 182px) 100vw, 182px\" \/><figcaption class=\"wp-element-caption\"><strong>Elmas \u00d6zer KO\u00c7<\/strong><\/figcaption><\/figure>\n\n\n\n<p>\u00d6zer KO\u00c7, \u00c7ukurova \u00dcniversitesi Makine M\u00fchendisli\u011fi B\u00f6l\u00fcm\u00fc mezunu olup \u00f6\u011frencilik y\u0131llar\u0131nda ES\u0130AD&#8217;\u0131n d\u00fczenlemi\u015f oldu\u011fu \u00fcniversiteler aras\u0131 &#8220;Cumhuriyet&#8221; konulu proje yar\u0131\u015fmas\u0131nda T\u00fcrkiye \u00fc\u00e7\u00fcnc\u00fcl\u00fc\u011f\u00fc ve TSE&#8217;nin d\u00fczenlemi\u015f oldu\u011fu deprem konulu kompozisyon yar\u0131\u015fmas\u0131nda T\u00fcrkiye ikincili\u011fi \u00f6d\u00fcllerinin sahibidir. Ayn\u0131 zamanda resim de yapmaktad\u0131r. 2022 y\u0131l\u0131nda ise \u201cG\u00fcne\u015f \u0130zmir\u201d konulu adl\u0131 \u00f6yk\u00fcs\u00fc \u0130zmir Kar\u015f\u0131yaka Belediyesi Sancar Maruflu \u00f6yk\u00fc yar\u0131\u015fmas\u0131nda mansiyon \u00f6d\u00fcl\u00fc alm\u0131\u015ft\u0131r. <\/p>\n\n\n\n<p><a href=\"https:\/\/www.karsiyaka.bel.tr\/tr\/sancar-maruflu-oyku-ve-oyun-yazma-yarismasi-sonuclandi\">https:\/\/www.karsiyaka.bel.tr\/tr\/sancar-maruflu-oyku-ve-oyun-yazma-yarismasi-sonuclandi<\/a><\/p>\n\n\n\n<p>Di\u011fer yanda \u201cBizi Kimse Duymam\u0131\u015ft\u0131\u201d adl\u0131 \u00f6yk\u00fcs\u00fc \u00f6yk\u00fc se\u00e7kisinde yer almakta olup, on iki yazar\u0131n \u00f6yk\u00fcs\u00fcnden olu\u015fan bu kitaba da ayn\u0131 isim verilmi\u015f olup, kitap sat\u0131\u015fa sunulmu\u015ftur.  \u00c7isil \u00c7isil adl\u0131 \u00f6yk\u00fc kitab\u0131 ise 2023 y\u0131l\u0131n\u0131n \u015eubat ay\u0131nda yay\u0131nlan\u0131p sat\u0131\u015fa sunulmu\u015ftur.<\/p>\n\n\n\n<p><a href=\"https:\/\/cinius.shop\/product\/cisil-cisil\/\" target=\"_blank\" rel=\"noreferrer noopener\">https:\/\/cinius.shop\/product\/cisil-cisil\/<\/a><\/p>\n\n\n\n<figure class=\"wp-block-image size-full is-resized\"><img decoding=\"async\" loading=\"lazy\" src=\"https:\/\/sairistanbul.com\/wp-content\/uploads\/2023\/03\/elmasozer-1.jpg\" alt=\"\" class=\"wp-image-237\" width=\"372\" height=\"558\" srcset=\"https:\/\/sairistanbul.com\/wp-content\/uploads\/2023\/03\/elmasozer-1.jpg 650w, https:\/\/sairistanbul.com\/wp-content\/uploads\/2023\/03\/elmasozer-1-200x300.jpg 200w\" sizes=\"(max-width: 372px) 100vw, 372px\" \/><\/figure>\n\n\n\n<p><a href=\"https:\/\/www.dr.com.tr\/Kitap\/cisil-cisil\/Edebiyat\/Roman\/Turkiye-Roman\/urunno=0002032213001\">https:\/\/www.dr.com.tr\/Kitap\/cisil-cisil\/Edebiyat\/Roman\/Turkiye-Roman\/urunno=0002032213001<\/a><\/p>\n\n\n\n<p><a href=\"https:\/\/www.kitapyurdu.com\/kitap\/bizi-kimse-duymamisti\/619057.html&amp;filter_name=bizi+kimse+duymamisti\">https:\/\/www.kitapyurdu.com\/kitap\/bizi-kimse-duymamisti\/619057.html&amp;filter_name=bizi+kimse+duymamisti<\/a><\/p>\n\n\n\n<p><a href=\"https:\/\/www.inkilap.com\/elmas-ozer-koc-179795\">https:\/\/www.inkilap.com\/elmas-ozer-koc-179795<\/a><\/p>\n\n\n\n<p><a href=\"https:\/\/kidega.com\/kitap\/cisil-cisil-464994\/\">https:\/\/kidega.com\/kitap\/cisil-cisil-464994\/<\/a><\/p>\n\n\n\n<p><a href=\"https:\/\/1000kitap.com\/kitap\/cisil-cisil--373019\">https:\/\/1000kitap.com\/kitap\/cisil-cisil&#8211;373019<\/a><\/p>\n\n\n\n<p><\/p>\n\n\n\n<p><\/p>\n\n\n\n<figure class=\"wp-block-image size-full is-resized\"><img decoding=\"async\" loading=\"lazy\" src=\"https:\/\/sairistanbul.com\/wp-content\/uploads\/2023\/05\/cihat.jpg\" alt=\"\" class=\"wp-image-338\" width=\"344\" height=\"442\" srcset=\"https:\/\/sairistanbul.com\/wp-content\/uploads\/2023\/05\/cihat.jpg 685w, https:\/\/sairistanbul.com\/wp-content\/uploads\/2023\/05\/cihat-233x300.jpg 233w\" sizes=\"(max-width: 344px) 100vw, 344px\" \/><\/figure>\n\n\n\n<p>S\u00fcleyman Cihat U\u011eURSES<\/p>\n\n\n\n<p>Adana do\u011fumlu S\u00fcleyman Cihat U\u011furses, makine m\u00fchendisidir. \u00dcniversite y\u0131llar\u0131nda profesyonel olarak da\u011fc\u0131l\u0131k ile ilgilenmi\u015f ve \u00fcniversitede da\u011fc\u0131l\u0131k kolu ba\u015fkanl\u0131k g\u00f6revini y\u00fcr\u00fctm\u00fc\u015ft\u00fcr. Di\u011fer yanda edebiyat ilgisi hi\u00e7 s\u00f6nmemi\u015f, gene \u00fcniversite y\u0131llar\u0131nda Adana Ticaret Odas\u0131&#8217;n\u0131n d\u00fczenlemi\u015f oldu\u011fu Adana konulu makale yar\u0131\u015fmas\u0131nda mansiyon \u00f6d\u00fcl\u00fc alm\u0131\u015ft\u0131r. Mezuniyetinden k\u0131sa bir s\u00fcre sonra New York&#8217;a gitmi\u015f ve i\u015fletme alan\u0131nda y\u00fcksek lisans yapm\u0131\u015ft\u0131r. New York&#8217;ta yakla\u015f\u0131k be\u015f y\u0131ll\u0131k \u00e7al\u0131\u015fma s\u00fcresinin ard\u0131ndan \u0130stanbul&#8217;a yerle\u015fmi\u015ftir. Mesleki hayat\u0131n\u0131n yan\u0131 s\u0131ra resim sanat\u0131na da ilgi duymu\u015f ve bu y\u00f6nde kendisini geli\u015ftirmek amac\u0131yla resim \u00e7al\u0131\u015fmalar\u0131na ba\u015flam\u0131\u015ft\u0131r.  <\/p>\n\n\n\n<p><\/p>\n\n\n\n<p><strong>ONURSAL \u00dcYELER\u0130M\u0130Z<\/strong><\/p>\n\n\n\n<ol>\n<li>SAL\u0130M AYDIN<\/li>\n\n\n\n<li>ENES \u015eEN<\/li>\n\n\n\n<li>EYMEN KO\u00c7<\/li>\n\n\n\n<li>BATUHAN KO\u00c7<\/li>\n<\/ol>\n","protected":false},"excerpt":{"rendered":"<p>SANAT B\u0130RL\u0130\u011e\u0130- SANATIN SES\u0130 KURUCULAR \u00d6zer KO\u00c7, \u00c7ukurova \u00dcniversitesi Makine M\u00fchendisli\u011fi B\u00f6l\u00fcm\u00fc mezunu olup \u00f6\u011frencilik y\u0131llar\u0131nda ES\u0130AD&#8217;\u0131n d\u00fczenlemi\u015f oldu\u011fu \u00fcniversiteler aras\u0131 &#8220;Cumhuriyet&#8221; konulu proje yar\u0131\u015fmas\u0131nda T\u00fcrkiye \u00fc\u00e7\u00fcnc\u00fcl\u00fc\u011f\u00fc ve TSE&#8217;nin d\u00fczenlemi\u015f oldu\u011fu deprem konulu kompozisyon yar\u0131\u015fmas\u0131nda T\u00fcrkiye ikincili\u011fi \u00f6d\u00fcllerinin sahibidir. Ayn\u0131 zamanda resim de yapmaktad\u0131r. 2022 y\u0131l\u0131nda ise \u201cG\u00fcne\u015f \u0130zmir\u201d konulu adl\u0131 \u00f6yk\u00fcs\u00fc \u0130zmir Kar\u015f\u0131yaka Belediyesi&hellip; <br \/> <a class=\"read-more\" href=\"https:\/\/sairistanbul.com\/?page_id=17\">Devam\u0131<\/a><\/p>\n","protected":false},"author":1,"featured_media":0,"parent":0,"menu_order":0,"comment_status":"closed","ping_status":"closed","template":"","meta":[],"_links":{"self":[{"href":"https:\/\/sairistanbul.com\/index.php?rest_route=\/wp\/v2\/pages\/17"}],"collection":[{"href":"https:\/\/sairistanbul.com\/index.php?rest_route=\/wp\/v2\/pages"}],"about":[{"href":"https:\/\/sairistanbul.com\/index.php?rest_route=\/wp\/v2\/types\/page"}],"author":[{"embeddable":true,"href":"https:\/\/sairistanbul.com\/index.php?rest_route=\/wp\/v2\/users\/1"}],"replies":[{"embeddable":true,"href":"https:\/\/sairistanbul.com\/index.php?rest_route=%2Fwp%2Fv2%2Fcomments&post=17"}],"version-history":[{"count":43,"href":"https:\/\/sairistanbul.com\/index.php?rest_route=\/wp\/v2\/pages\/17\/revisions"}],"predecessor-version":[{"id":359,"href":"https:\/\/sairistanbul.com\/index.php?rest_route=\/wp\/v2\/pages\/17\/revisions\/359"}],"wp:attachment":[{"href":"https:\/\/sairistanbul.com\/index.php?rest_route=%2Fwp%2Fv2%2Fmedia&parent=17"}],"curies":[{"name":"wp","href":"https:\/\/api.w.org\/{rel}","templated":true}]}}